{"id":1046,"date":"2014-05-14T07:16:33","date_gmt":"2014-05-14T05:16:33","guid":{"rendered":"http:\/\/whatfoodcan.com\/?page_id=1046"},"modified":"2025-05-08T18:33:21","modified_gmt":"2025-05-08T16:33:21","slug":"impressum-es","status":"publish","type":"page","link":"https:\/\/whatfoodcan.com\/es\/impressum-es\/","title":{"rendered":"Aviso legal"},"content":{"rendered":"\t\t<div data-elementor-type=\"wp-page\" data-elementor-id=\"1046\" class=\"elementor elementor-1046 elementor-1042\" data-elementor-post-type=\"page\">\n\t\t\t\t<div class=\"elementor-element elementor-element-ac38c97 e-flex e-con-boxed e-con e-parent\" data-id=\"ac38c97\" data-element_type=\"container\" data-e-type=\"container\">\n\t\t\t\t\t<div class=\"e-con-inner\">\n\t\t<div class=\"elementor-element elementor-element-7bcecc6 e-con-full e-flex e-con e-child\" data-id=\"7bcecc6\" data-element_type=\"container\" data-e-type=\"container\" data-settings=\"{&quot;background_background&quot;:&quot;classic&quot;}\">\n\t\t\t\t<div class=\"elementor-element elementor-element-8daa525 elementor-widget elementor-widget-heading\" data-id=\"8daa525\" data-element_type=\"widget\" data-e-type=\"widget\" data-widget_type=\"heading.default\">\n\t\t\t\t\t<h1 class=\"elementor-heading-title elementor-size-default\">Aviso legal<\/h1>\t\t\t\t<\/div>\n\t\t\t\t<div class=\"elementor-element elementor-element-6a54ce1 elementor-widget elementor-widget-text-editor\" data-id=\"6a54ce1\" data-element_type=\"widget\" data-e-type=\"widget\" data-widget_type=\"text-editor.default\">\n\t\t\t\t\t\t\t\t\t<p><strong>Extenci\u00f3n de responsabilidad \/derechos de autor \/ Im\u00e1genes<br \/><\/strong><\/p><p>Todas las im\u00e1genes incluidas en el sitio web \u201cwhatfoodcan.com\u201d est\u00e1n protegidas por la ley de propiedad intelectual. Solo se permite descargar y copiar dichas im\u00e1genes con fines privados y no comerciales.\u2028 Para cualquier otro uso ser\u00e1 necesaria la autorizaci\u00f3n por escrito de la fot\u00f3grafa.<\/p><p>En ese caso contacte por favor con:<br \/>Heike Fa\u0308hndrich \/\/ Maasstrasse 7 \/\/<br \/>40547 Du\u0308sseldorf Deutschland \/\/<br \/>+49 163 3020221 \/\/<br \/><a href=\"http:\/\/www.heikefaehndrich.de\">www.heikefaehndrich.de<\/a> \/\/<br \/><a href=\"mailto:studio@heikefaehndrich.de\">studio@heikefaehndrich.de<\/a><\/p><p><strong>PIE DE IMPRENTA<\/strong><\/p><p>Informaci\u00f3n conforme al art. 5 de la TMG (ley alemana de medios de comunicaci\u00f3n) y al art. 55 del RStV (convenio estatal de servicios de radiodifusi\u00f3n):<\/p><p>Jutta Damer<\/p><p>Hobrechtstrasse 21<\/p><p>12047 Berl\u00edn<\/p><p>Tel.: +49 171 643 1792<\/p><p>Correo electr\u00f3nico:<a href=\"mailto:info@whatfoodcan.com\">info@whatfoodcan.com<\/a><\/p><p>Exenci\u00f3n de responsabilidad (Disclaimer)<\/p><p><strong>Responsabilidad sobre el contenido<\/strong><\/p><p>Como proveedor de servicios somos responsables del contenido incluido en este sitio web seg\u00fan el art. 7 p\u00e1rrafo 1 de la TMG (ley alemana de medios de comunicaci\u00f3n).Seg\u00fan los art\u00edculos 8 a 10 de la TMG, como proveedor de servicios no estamos obligados a supervisar la informaci\u00f3n ajena transmitida o guardada ni a investigar, seg\u00fan las circunstancias, si hacen referencia a una actividad ilegal.Esto no afecta en ning\u00fan caso a la obligaci\u00f3n de retirar o bloquear el uso de informaci\u00f3n seg\u00fan las leyes generales.En tal caso, la responsabilidad solo se asumir\u00e1 a partir del momento en el que se tenga conocimiento de la infracci\u00f3n.En caso de conocimiento de dicha infracci\u00f3n, se proceder\u00e1 a la eliminaci\u00f3n inmediata del contenido en cuesti\u00f3n.<\/p><p><strong>Responsabilidad sobre los enlaces<\/strong><\/p><p>Nuestra oferta contiene v\u00ednculos a p\u00e1ginas web externas de terceros, sobre cuyos contenidos no tenemos ninguna influencia.Es por ello que no podemos asumir tampoco responsabilidad alguna por los contenidos ajenos.El proveedor de servicios o el propietario de dichas p\u00e1ginas vinculadas ser\u00e1 el responsable de su contenido.En el momento de incluir los enlaces se comprob\u00f3 si el contenido de las p\u00e1ginas infring\u00eda la ley,y no se hall\u00f3 ning\u00fan contenido ilegal.Sin embargo, no se puede exigir un control de contenidos permanente de las p\u00e1ginas vinculadas sin que medien indicios concretos de alguna infracci\u00f3n.En caso de conocimiento de dicha infracci\u00f3n, se proceder\u00e1 a la eliminaci\u00f3n inmediata de los enlaces correspondientes.<\/p><p><strong>Derechos de propiedad intelectual<\/strong><\/p><p>Los contenidos y obras creados por los propietarios de estas p\u00e1ginas est\u00e1n sujetos a los derechos de propiedad intelectual de Alemania.La reproducci\u00f3n, modificaci\u00f3n, divulgaci\u00f3n o cualquier otra forma de utilizaci\u00f3n que exceda los l\u00edmites de la propiedad intelectual requerir\u00e1 el consentimiento por escrito del autor o creador correspondiente. Solo se autoriza la descarga y copia de dichas p\u00e1ginas con fines privados y no comerciales. En el caso de que el contenido del sitio no pertenezca al propietario, se respetar\u00e1n los derechos de autor de terceros. En concreto, se indicar\u00e1n como tales los contenidos pertenecientes a terceros.Si, a pesar de todo, observara un incumplimiento de los derechos de autor, le agradecer\u00edamos nos lo hiciera saber.En caso de conocimiento de dicha infracci\u00f3n, se proceder\u00e1 a la eliminaci\u00f3n inmediata del contenido en cuesti\u00f3n.<\/p><p><em>Fuente de referencia:<\/em><a href=\"http:\/\/www.e-recht24.de\/muster-disclaimer.html\"><em>eRecht24<\/em><\/a><\/p><p><strong>Protecci\u00f3n de datos<\/strong><\/p><p>Por norma general, es posible utilizar nuestro sitio web sin necesidad de introducir datos personales.En el caso de que se incorporaran datos de car\u00e1cter personal (como el nombre, la direcci\u00f3n o la direcci\u00f3n de correo electr\u00f3nico) en nuestro sitio web, se har\u00e1 de forma voluntaria siempre que sea posible.Estos datos no se transmitir\u00e1n a terceros sin su consentimiento expreso.<\/p><p>Asimismo le advertimos que la transmisi\u00f3n de datos a trav\u00e9s de Internet (por ejemplo, la comunicaci\u00f3n por correo electr\u00f3nico) puede estar expuesta a fallos de seguridad.No se puede garantizar una protecci\u00f3n completa de los datos contra el acceso no autorizado por parte de terceros.<\/p><p>El uso por parte de terceros de los datos de contacto de car\u00e1cter p\u00fablico que deben figurar obligatoriamente en este pie de imprenta para el env\u00edo de publicidad e informaci\u00f3n, que no se haya solicitado de forma expresa, queda expl\u00edcitamente prohibido a trav\u00e9s del presente documento.Los propietarios del sitio web se reservan el derecho a emprender las acciones legales pertinentes en caso de que se produzca un env\u00edo de informaci\u00f3n publicitaria no solicitado mediante correos spam, etc.<\/p><p><strong>Pol\u00edtica de privacidad para el uso de plugins de Facebook (bot\u00f3n Me gusta)<\/strong><\/p><p>Hemos incorporado en nuestro sitio web plugins de la red social Facebook (Facebook Inc., 1601 Willow Road, Menlo Park, California, 94025, EE.\u00a0UU.).Podr\u00e1 reconocer dichos plugins mediante el logotipo de Facebook o el bot\u00f3n \u00abMe gusta\u00bb.Encontrar\u00e1 un resumen de los plugins de Facebook aqu\u00ed:<a href=\"http:\/\/developers.facebook.com\/docs\/plugins\/\">http:\/\/developers.facebook.com\/docs\/plugins\/<\/a>. Cuando visite nuestro sitio web, el plugin establecer\u00e1 una conexi\u00f3n directa entre su navegador y el servidor de Facebook. De este modo, se informar\u00e1 a Facebook de que ha visitado nuestro sitio web con su direcci\u00f3n IP. Si hace clic en el bot\u00f3n de \u00abMe gusta\u00bb mientras est\u00e9 conectado a su cuenta de Facebook, podr\u00e1 vincular a su perfil de Facebook el contenido de nuestro sitio web. De modo que Facebook podr\u00e1 asignar la visita a nuestro sitio a su cuenta de usuario. Le recordamos que como proveedores del sitio web, desconocemos el contenido de los datos transmitidos as\u00ed como el uso de los mismos por parte de Facebook. Puede encontrar m\u00e1s informaci\u00f3n al respecto en la pol\u00edtica de privacidad de Facebook en <a href=\"http:\/\/de-de.facebook.com\/policy.php\">http:\/\/de-de.facebook.com\/policy.php<\/a>.<\/p><p>Si no desea que Facebook vincule su visita a nuestro sitio web con su cuenta de usuario, cierre su sesi\u00f3n en Facebook.<\/p><p><strong>Pol\u00edtica de privacidad para el uso de Google Analytics<\/strong><\/p><p>Este sitio web utiliza Google Analytics, un servicio de an\u00e1lisis web de Google Inc. (en adelante, \u00abGoogle\u00bb). Google Analytics utiliza las denominadas \u00abCookies\u00bb, unos archivos de texto que se almacenan en su ordenador y que permiten llevar a cabo un an\u00e1lisis del uso del sitio web. Por norma general, la informaci\u00f3n generada a trav\u00e9s de la \u00abcookie\u00bb sobre el uso de este sitio web se transmitir\u00e1 y almacenar\u00e1 en un servidor de Google en EE.\u00a0UU. En el caso de que est\u00e9 activada la opci\u00f3n de hacer an\u00f3nima la IP en este sitio web, la direcci\u00f3n IP ser\u00e1 recortada previamente por Google en los estados miembros de la Uni\u00f3n Europea o en otros estados contractuales del Acuerdo sobre el Espacio Econ\u00f3mico Europeo.<\/p><p>Solo en casos excepcionales se transmitir\u00e1 la direcci\u00f3n IP completa a un servidor de Google de EE.\u00a0UU., y una vez all\u00ed se recortar\u00e1. A petici\u00f3n del propietario de este sitio web, Google utilizar\u00e1 esta informaci\u00f3n para evaluar su uso del sitio web, elaborar informes sobre las actividades del sitio web y proporcionar otros servicios relacionados con la actividad del sitio web y el uso de Internet. La direcci\u00f3n IP transmitida a Google Analytics a trav\u00e9s de su navegador no se mezclar\u00e1 con otros datos de Google.<\/p><p>Puede impedir el almacenamiento de \u00abcookies\u00bb mediante la correspondiente configuraci\u00f3n del software de su navegador, sin embargo, le advertimos que en este caso es posible que no pueda utilizar por completo todas las funciones de este sitio web. Adem\u00e1s, puede impedir el registro de los datos facilitados por la \u00abcookie\u00bb a Google referentes al uso del sitio web (incluida su direcci\u00f3n IP), as\u00ed como el procesamiento de estos datos por parte de Google, descargando e instalando en su ordenador el plugin de navegador disponible a trav\u00e9s del enlace siguiente: <a href=\"http:\/\/tools.google.com\/dlpage\/gaoptout?hl=de\">http:\/\/tools.google.com\/dlpage\/gaoptout?hl=de<\/a>.<\/p>\t\t\t\t\t\t\t\t<\/div>\n\t\t\t\t<\/div>\n\t\t\t\t\t<\/div>\n\t\t\t\t<\/div>\n\t\t\t\t<\/div>\n\t\t","protected":false},"excerpt":{"rendered":"<p>Extenci\u00f3n de responsabilidad \/derechos de autor \/ Im\u00e1genes Todas las im\u00e1genes incluidas en el sitio web \u201cwhatfoodcan.com\u201d est\u00e1n protegidas por la ley de propiedad intelectual. Solo se permite descargar y copiar dichas im\u00e1genes con fines privados y no comerciales.\u2028 Para cualquier otro uso ser\u00e1 necesaria la autorizaci\u00f3n por escrito de la fot\u00f3grafa. En ese caso [&hellip;]<\/p>\n","protected":false},"author":2,"featured_media":0,"parent":0,"menu_order":0,"comment_status":"closed","ping_status":"closed","template":"","meta":{"_acf_changed":false,"footnotes":""},"class_list":["post-1046","page","type-page","status-publish","hentry"],"acf":[],"yoast_head":"<!-- This site is optimized with the Yoast SEO plugin v27.4 - https:\/\/yoast.com\/product\/yoast-seo-wordpress\/ -->\n<title>Aviso legal<\/title>\n<meta name=\"robots\" content=\"noindex, nofollow\" \/>\n<meta property=\"og:locale\" content=\"es_ES\" \/>\n<meta property=\"og:type\" content=\"article\" \/>\n<meta property=\"og:title\" content=\"Aviso legal\" \/>\n<meta property=\"og:description\" content=\"Extenci\u00f3n de responsabilidad \/derechos de autor \/ Im\u00e1genes Todas las im\u00e1genes incluidas en el sitio web \u201cwhatfoodcan.com\u201d est\u00e1n protegidas por la ley de propiedad intelectual. Solo se permite descargar y copiar dichas im\u00e1genes con fines privados y no comerciales.\u2028 Para cualquier otro uso ser\u00e1 necesaria la autorizaci\u00f3n por escrito de la fot\u00f3grafa. En ese caso [&hellip;]\" \/>\n<meta property=\"og:url\" content=\"https:\/\/whatfoodcan.com\/es\/impressum-es\/\" \/>\n<meta property=\"og:site_name\" content=\"What Food Can\" \/>\n<meta property=\"article:modified_time\" content=\"2025-05-08T16:33:21+00:00\" \/>\n<meta name=\"twitter:label1\" content=\"Tiempo de lectura\" \/>\n\t<meta name=\"twitter:data1\" content=\"7 minutos\" \/>\n<script type=\"application\/ld+json\" class=\"yoast-schema-graph\">{\"@context\":\"https:\\\/\\\/schema.org\",\"@graph\":[{\"@type\":\"WebPage\",\"@id\":\"https:\\\/\\\/whatfoodcan.com\\\/es\\\/impressum-es\\\/\",\"url\":\"https:\\\/\\\/whatfoodcan.com\\\/es\\\/impressum-es\\\/\",\"name\":\"Aviso legal\",\"isPartOf\":{\"@id\":\"https:\\\/\\\/whatfoodcan.com\\\/#website\"},\"datePublished\":\"2014-05-14T05:16:33+00:00\",\"dateModified\":\"2025-05-08T16:33:21+00:00\",\"inLanguage\":\"es\",\"potentialAction\":[{\"@type\":\"ReadAction\",\"target\":[\"https:\\\/\\\/whatfoodcan.com\\\/es\\\/impressum-es\\\/\"]}]},{\"@type\":\"WebSite\",\"@id\":\"https:\\\/\\\/whatfoodcan.com\\\/#website\",\"url\":\"https:\\\/\\\/whatfoodcan.com\\\/\",\"name\":\"What Food Can\",\"description\":\"What Food Can do for You\",\"publisher\":{\"@id\":\"https:\\\/\\\/whatfoodcan.com\\\/#organization\"},\"potentialAction\":[{\"@type\":\"SearchAction\",\"target\":{\"@type\":\"EntryPoint\",\"urlTemplate\":\"https:\\\/\\\/whatfoodcan.com\\\/?s={search_term_string}\"},\"query-input\":{\"@type\":\"PropertyValueSpecification\",\"valueRequired\":true,\"valueName\":\"search_term_string\"}}],\"inLanguage\":\"es\"},{\"@type\":\"Organization\",\"@id\":\"https:\\\/\\\/whatfoodcan.com\\\/#organization\",\"name\":\"What Food Can\",\"url\":\"https:\\\/\\\/whatfoodcan.com\\\/\",\"logo\":{\"@type\":\"ImageObject\",\"inLanguage\":\"es\",\"@id\":\"https:\\\/\\\/whatfoodcan.com\\\/#\\\/schema\\\/logo\\\/image\\\/\",\"url\":\"https:\\\/\\\/whatfoodcan.com\\\/wp-content\\\/uploads\\\/2013\\\/09\\\/whatfoodcan-logo.png\",\"contentUrl\":\"https:\\\/\\\/whatfoodcan.com\\\/wp-content\\\/uploads\\\/2013\\\/09\\\/whatfoodcan-logo.png\",\"width\":200,\"height\":200,\"caption\":\"What Food Can\"},\"image\":{\"@id\":\"https:\\\/\\\/whatfoodcan.com\\\/#\\\/schema\\\/logo\\\/image\\\/\"}}]}<\/script>\n<!-- \/ Yoast SEO plugin. -->","yoast_head_json":{"title":"Aviso legal","robots":{"index":"noindex","follow":"nofollow"},"og_locale":"es_ES","og_type":"article","og_title":"Aviso legal","og_description":"Extenci\u00f3n de responsabilidad \/derechos de autor \/ Im\u00e1genes Todas las im\u00e1genes incluidas en el sitio web \u201cwhatfoodcan.com\u201d est\u00e1n protegidas por la ley de propiedad intelectual. Solo se permite descargar y copiar dichas im\u00e1genes con fines privados y no comerciales.\u2028 Para cualquier otro uso ser\u00e1 necesaria la autorizaci\u00f3n por escrito de la fot\u00f3grafa. En ese caso [&hellip;]","og_url":"https:\/\/whatfoodcan.com\/es\/impressum-es\/","og_site_name":"What Food Can","article_modified_time":"2025-05-08T16:33:21+00:00","twitter_misc":{"Tiempo de lectura":"7 minutos"},"schema":{"@context":"https:\/\/schema.org","@graph":[{"@type":"WebPage","@id":"https:\/\/whatfoodcan.com\/es\/impressum-es\/","url":"https:\/\/whatfoodcan.com\/es\/impressum-es\/","name":"Aviso legal","isPartOf":{"@id":"https:\/\/whatfoodcan.com\/#website"},"datePublished":"2014-05-14T05:16:33+00:00","dateModified":"2025-05-08T16:33:21+00:00","inLanguage":"es","potentialAction":[{"@type":"ReadAction","target":["https:\/\/whatfoodcan.com\/es\/impressum-es\/"]}]},{"@type":"WebSite","@id":"https:\/\/whatfoodcan.com\/#website","url":"https:\/\/whatfoodcan.com\/","name":"What Food Can","description":"What Food Can do for You","publisher":{"@id":"https:\/\/whatfoodcan.com\/#organization"},"potentialAction":[{"@type":"SearchAction","target":{"@type":"EntryPoint","urlTemplate":"https:\/\/whatfoodcan.com\/?s={search_term_string}"},"query-input":{"@type":"PropertyValueSpecification","valueRequired":true,"valueName":"search_term_string"}}],"inLanguage":"es"},{"@type":"Organization","@id":"https:\/\/whatfoodcan.com\/#organization","name":"What Food Can","url":"https:\/\/whatfoodcan.com\/","logo":{"@type":"ImageObject","inLanguage":"es","@id":"https:\/\/whatfoodcan.com\/#\/schema\/logo\/image\/","url":"https:\/\/whatfoodcan.com\/wp-content\/uploads\/2013\/09\/whatfoodcan-logo.png","contentUrl":"https:\/\/whatfoodcan.com\/wp-content\/uploads\/2013\/09\/whatfoodcan-logo.png","width":200,"height":200,"caption":"What Food Can"},"image":{"@id":"https:\/\/whatfoodcan.com\/#\/schema\/logo\/image\/"}}]}},"_links":{"self":[{"href":"https:\/\/whatfoodcan.com\/es\/wp-json\/wp\/v2\/pages\/1046","targetHints":{"allow":["GET"]}}],"collection":[{"href":"https:\/\/whatfoodcan.com\/es\/wp-json\/wp\/v2\/pages"}],"about":[{"href":"https:\/\/whatfoodcan.com\/es\/wp-json\/wp\/v2\/types\/page"}],"author":[{"embeddable":true,"href":"https:\/\/whatfoodcan.com\/es\/wp-json\/wp\/v2\/users\/2"}],"replies":[{"embeddable":true,"href":"https:\/\/whatfoodcan.com\/es\/wp-json\/wp\/v2\/comments?post=1046"}],"version-history":[{"count":13,"href":"https:\/\/whatfoodcan.com\/es\/wp-json\/wp\/v2\/pages\/1046\/revisions"}],"predecessor-version":[{"id":7423,"href":"https:\/\/whatfoodcan.com\/es\/wp-json\/wp\/v2\/pages\/1046\/revisions\/7423"}],"wp:attachment":[{"href":"https:\/\/whatfoodcan.com\/es\/wp-json\/wp\/v2\/media?parent=1046"}],"curies":[{"name":"wp","href":"https:\/\/api.w.org\/{rel}","templated":true}]}}