{"id":685,"date":"2014-03-24T22:43:51","date_gmt":"2014-03-24T21:43:51","guid":{"rendered":"http:\/\/whatfoodcan.com\/?page_id=685"},"modified":"2025-05-08T18:21:19","modified_gmt":"2025-05-08T16:21:19","slug":"contacto","status":"publish","type":"page","link":"https:\/\/whatfoodcan.com\/es\/contacto\/","title":{"rendered":"Contacto"},"content":{"rendered":"\t\t<div data-elementor-type=\"wp-page\" data-elementor-id=\"685\" class=\"elementor elementor-685 elementor-682\" data-elementor-post-type=\"page\">\n\t\t\t\t<div class=\"elementor-element elementor-element-f788391 e-flex e-con-boxed e-con e-parent\" data-id=\"f788391\" data-element_type=\"container\" data-e-type=\"container\">\n\t\t\t\t\t<div class=\"e-con-inner\">\n\t\t<div class=\"elementor-element elementor-element-afd77c5 e-con-full e-flex e-con e-child\" data-id=\"afd77c5\" data-element_type=\"container\" data-e-type=\"container\" data-settings=\"{&quot;background_background&quot;:&quot;classic&quot;}\">\n\t\t\t\t<div class=\"elementor-element elementor-element-b9b40bc elementor-widget elementor-widget-heading\" data-id=\"b9b40bc\" data-element_type=\"widget\" data-e-type=\"widget\" data-widget_type=\"heading.default\">\n\t\t\t\t\t<h1 class=\"elementor-heading-title elementor-size-default\">Contacto<\/h1>\t\t\t\t<\/div>\n\t\t\t\t<div class=\"elementor-element elementor-element-faa701d elementor-widget elementor-widget-heading\" data-id=\"faa701d\" data-element_type=\"widget\" data-e-type=\"widget\" data-widget_type=\"heading.default\">\n\t\t\t\t\t<h4 class=\"elementor-heading-title elementor-size-default\">Env\u00edanos un mensaje<\/h4>\t\t\t\t<\/div>\n\t\t\t\t<div class=\"elementor-element elementor-element-ca603f1 elementor-widget elementor-widget-text-editor\" data-id=\"ca603f1\" data-element_type=\"widget\" data-e-type=\"widget\" data-widget_type=\"text-editor.default\">\n\t\t\t\t\t\t\t\t\t<p>\u00bfTienes alguna sugerencia o quieres saber m\u00e1s detalles sobre una receta o ingrediente? Env\u00edanos un mensaje por email a <a href=\"mailto:info@whatfoodcan.com\" target=\"_blank\" rel=\"noopener\">info@whatfoodcan.com<\/a> o rellena este formulario y te contestamos en seguida.<\/p>\t\t\t\t\t\t\t\t<\/div>\n\t\t\t\t<div class=\"elementor-element elementor-element-30546e0 elementor-widget elementor-widget-heading\" data-id=\"30546e0\" data-element_type=\"widget\" data-e-type=\"widget\" data-widget_type=\"heading.default\">\n\t\t\t\t\t<h4 class=\"elementor-heading-title elementor-size-default\">Suscr\u00edbete a nuestro newsletter<\/h4>\t\t\t\t<\/div>\n\t\t\t\t<div class=\"elementor-element elementor-element-b2d03c9 elementor-widget elementor-widget-text-editor\" data-id=\"b2d03c9\" data-element_type=\"widget\" data-e-type=\"widget\" data-widget_type=\"text-editor.default\">\n\t\t\t\t\t\t\t\t\t<p>Si quieres recibir una vez al\u00a0mes noticias actuales acerca de recetas, videos y m\u00e1s curiosidades de <strong>Whatfoodcan.com<\/strong> ap\u00fantate aqu\u00ed a nuestra newsletter. \u00a1Hasta pronto!<\/p><style type=\"text\/css\">.mc4wp-form input[name=\"_mc4wp_required_but_not_really\"] { display: none !important; }<\/style><!-- MailChimp for WordPress Pro v2.7.3 - https:\/\/mc4wp.com\/ --><div id=\"mc4wp-form-1\" class=\"form mc4wp-form mc4wp-form-2963 mc4wp-ajax\"><form method=\"post\" role=\"form\"><p>\r\n    <label>Nombre:<\/label><input type=\"text\" name=\"FNAME\" required=\"required\">\r\n    <label>Email:<\/label><input type=\"email\" name=\"EMAIL\" required=\"required\">\r\n\t<input type=\"submit\" value=\"Suscribirme\" \/>\r\n<\/p><span class=\"mc4wp-ajax-loader\" style=\"display: none;\"><\/span><input type=\"text\" name=\"_mc4wp_required_but_not_really\" value=\"\" \/><input type=\"hidden\" name=\"_mc4wp_timestamp\" value=\"1776320361\" \/><input type=\"hidden\" name=\"_mc4wp_form_id\" value=\"2963\" \/><input type=\"hidden\" name=\"_mc4wp_form_element_id\" value=\"mc4wp-form-1\" \/><input type=\"hidden\" name=\"_mc4wp_form_submit\" value=\"1\" \/><input type=\"hidden\" name=\"_mc4wp_form_nonce\" value=\"d5a212c49e\" \/><\/form><div class=\"mc4wp-response\"><\/div><\/div><!-- \/ MailChimp for WP Pro Plugin -->\t\t\t\t\t\t\t\t<\/div>\n\t\t\t\t<\/div>\n\t\t\t\t\t<\/div>\n\t\t\t\t<\/div>\n\t\t\t\t<\/div>\n\t\t","protected":false},"excerpt":{"rendered":"<p>Env\u00edanos un mensaje \u00bfTienes alguna sugerencia o quieres saber m\u00e1s detalles sobre una receta o ingrediente? Env\u00edanos un mensaje por email a info@whatfoodcan.com o rellena este formulario y te contestamos en seguida. Suscr\u00edbete a nuestro newsletter Si quieres recibir una vez al\u00a0mes noticias actuales acerca de recetas, videos y m\u00e1s curiosidades de Whatfoodcan.com ap\u00fantate aqu\u00ed [&hellip;]<\/p>\n","protected":false},"author":2,"featured_media":0,"parent":0,"menu_order":0,"comment_status":"closed","ping_status":"closed","template":"","meta":{"_acf_changed":false,"footnotes":""},"class_list":["post-685","page","type-page","status-publish","hentry"],"acf":[],"yoast_head":"<!-- This site is optimized with the Yoast SEO plugin v27.4 - https:\/\/yoast.com\/product\/yoast-seo-wordpress\/ -->\n<title>Contacto - What food can do for you<\/title>\n<meta name=\"description\" content=\"What food can do for you - Contacto\" \/>\n<meta name=\"robots\" content=\"index, follow, max-snippet:-1, max-image-preview:large, max-video-preview:-1\" \/>\n<link rel=\"canonical\" href=\"https:\/\/whatfoodcan.com\/es\/contacto\/\" \/>\n<meta property=\"og:locale\" content=\"es_ES\" \/>\n<meta property=\"og:type\" content=\"article\" \/>\n<meta property=\"og:title\" content=\"Contacto - What food can do for you\" \/>\n<meta property=\"og:description\" content=\"What food can do for you - Contacto\" \/>\n<meta property=\"og:url\" content=\"https:\/\/whatfoodcan.com\/es\/contacto\/\" \/>\n<meta property=\"og:site_name\" content=\"What Food Can\" \/>\n<meta property=\"article:modified_time\" content=\"2025-05-08T16:21:19+00:00\" \/>\n<script type=\"application\/ld+json\" class=\"yoast-schema-graph\">{\"@context\":\"https:\\\/\\\/schema.org\",\"@graph\":[{\"@type\":\"WebPage\",\"@id\":\"https:\\\/\\\/whatfoodcan.com\\\/es\\\/contacto\\\/\",\"url\":\"https:\\\/\\\/whatfoodcan.com\\\/es\\\/contacto\\\/\",\"name\":\"Contacto - What food can do for you\",\"isPartOf\":{\"@id\":\"https:\\\/\\\/whatfoodcan.com\\\/#website\"},\"datePublished\":\"2014-03-24T21:43:51+00:00\",\"dateModified\":\"2025-05-08T16:21:19+00:00\",\"description\":\"What food can do for you - Contacto\",\"inLanguage\":\"es\",\"potentialAction\":[{\"@type\":\"ReadAction\",\"target\":[\"https:\\\/\\\/whatfoodcan.com\\\/es\\\/contacto\\\/\"]}]},{\"@type\":\"WebSite\",\"@id\":\"https:\\\/\\\/whatfoodcan.com\\\/#website\",\"url\":\"https:\\\/\\\/whatfoodcan.com\\\/\",\"name\":\"What Food Can\",\"description\":\"What Food Can do for You\",\"publisher\":{\"@id\":\"https:\\\/\\\/whatfoodcan.com\\\/#organization\"},\"potentialAction\":[{\"@type\":\"SearchAction\",\"target\":{\"@type\":\"EntryPoint\",\"urlTemplate\":\"https:\\\/\\\/whatfoodcan.com\\\/?s={search_term_string}\"},\"query-input\":{\"@type\":\"PropertyValueSpecification\",\"valueRequired\":true,\"valueName\":\"search_term_string\"}}],\"inLanguage\":\"es\"},{\"@type\":\"Organization\",\"@id\":\"https:\\\/\\\/whatfoodcan.com\\\/#organization\",\"name\":\"What Food Can\",\"url\":\"https:\\\/\\\/whatfoodcan.com\\\/\",\"logo\":{\"@type\":\"ImageObject\",\"inLanguage\":\"es\",\"@id\":\"https:\\\/\\\/whatfoodcan.com\\\/#\\\/schema\\\/logo\\\/image\\\/\",\"url\":\"https:\\\/\\\/whatfoodcan.com\\\/wp-content\\\/uploads\\\/2013\\\/09\\\/whatfoodcan-logo.png\",\"contentUrl\":\"https:\\\/\\\/whatfoodcan.com\\\/wp-content\\\/uploads\\\/2013\\\/09\\\/whatfoodcan-logo.png\",\"width\":200,\"height\":200,\"caption\":\"What Food Can\"},\"image\":{\"@id\":\"https:\\\/\\\/whatfoodcan.com\\\/#\\\/schema\\\/logo\\\/image\\\/\"}}]}<\/script>\n<!-- \/ Yoast SEO plugin. -->","yoast_head_json":{"title":"Contacto - What food can do for you","description":"What food can do for you - Contacto","robots":{"index":"index","follow":"follow","max-snippet":"max-snippet:-1","max-image-preview":"max-image-preview:large","max-video-preview":"max-video-preview:-1"},"canonical":"https:\/\/whatfoodcan.com\/es\/contacto\/","og_locale":"es_ES","og_type":"article","og_title":"Contacto - What food can do for you","og_description":"What food can do for you - Contacto","og_url":"https:\/\/whatfoodcan.com\/es\/contacto\/","og_site_name":"What Food Can","article_modified_time":"2025-05-08T16:21:19+00:00","schema":{"@context":"https:\/\/schema.org","@graph":[{"@type":"WebPage","@id":"https:\/\/whatfoodcan.com\/es\/contacto\/","url":"https:\/\/whatfoodcan.com\/es\/contacto\/","name":"Contacto - What food can do for you","isPartOf":{"@id":"https:\/\/whatfoodcan.com\/#website"},"datePublished":"2014-03-24T21:43:51+00:00","dateModified":"2025-05-08T16:21:19+00:00","description":"What food can do for you - Contacto","inLanguage":"es","potentialAction":[{"@type":"ReadAction","target":["https:\/\/whatfoodcan.com\/es\/contacto\/"]}]},{"@type":"WebSite","@id":"https:\/\/whatfoodcan.com\/#website","url":"https:\/\/whatfoodcan.com\/","name":"What Food Can","description":"What Food Can do for You","publisher":{"@id":"https:\/\/whatfoodcan.com\/#organization"},"potentialAction":[{"@type":"SearchAction","target":{"@type":"EntryPoint","urlTemplate":"https:\/\/whatfoodcan.com\/?s={search_term_string}"},"query-input":{"@type":"PropertyValueSpecification","valueRequired":true,"valueName":"search_term_string"}}],"inLanguage":"es"},{"@type":"Organization","@id":"https:\/\/whatfoodcan.com\/#organization","name":"What Food Can","url":"https:\/\/whatfoodcan.com\/","logo":{"@type":"ImageObject","inLanguage":"es","@id":"https:\/\/whatfoodcan.com\/#\/schema\/logo\/image\/","url":"https:\/\/whatfoodcan.com\/wp-content\/uploads\/2013\/09\/whatfoodcan-logo.png","contentUrl":"https:\/\/whatfoodcan.com\/wp-content\/uploads\/2013\/09\/whatfoodcan-logo.png","width":200,"height":200,"caption":"What Food Can"},"image":{"@id":"https:\/\/whatfoodcan.com\/#\/schema\/logo\/image\/"}}]}},"_links":{"self":[{"href":"https:\/\/whatfoodcan.com\/es\/wp-json\/wp\/v2\/pages\/685","targetHints":{"allow":["GET"]}}],"collection":[{"href":"https:\/\/whatfoodcan.com\/es\/wp-json\/wp\/v2\/pages"}],"about":[{"href":"https:\/\/whatfoodcan.com\/es\/wp-json\/wp\/v2\/types\/page"}],"author":[{"embeddable":true,"href":"https:\/\/whatfoodcan.com\/es\/wp-json\/wp\/v2\/users\/2"}],"replies":[{"embeddable":true,"href":"https:\/\/whatfoodcan.com\/es\/wp-json\/wp\/v2\/comments?post=685"}],"version-history":[{"count":18,"href":"https:\/\/whatfoodcan.com\/es\/wp-json\/wp\/v2\/pages\/685\/revisions"}],"predecessor-version":[{"id":7403,"href":"https:\/\/whatfoodcan.com\/es\/wp-json\/wp\/v2\/pages\/685\/revisions\/7403"}],"wp:attachment":[{"href":"https:\/\/whatfoodcan.com\/es\/wp-json\/wp\/v2\/media?parent=685"}],"curies":[{"name":"wp","href":"https:\/\/api.w.org\/{rel}","templated":true}]}}